{"id":174,"date":"2020-11-20T14:36:43","date_gmt":"2020-11-20T14:36:43","guid":{"rendered":"http:\/\/zsoir.pl\/?page_id=174"},"modified":"2020-12-10T16:41:27","modified_gmt":"2020-12-10T16:41:27","slug":"certyfikaty","status":"publish","type":"page","link":"https:\/\/zsoir.pl\/en\/certyfikaty\/","title":{"rendered":"Certyfikaty"},"content":{"rendered":"<div data-elementor-type=\"wp-page\" data-elementor-id=\"174\" class=\"elementor elementor-174\" data-elementor-settings=\"[]\">\n\t\t\t\t\t\t<div class=\"elementor-inner\">\n\t\t\t\t\t\t\t<div class=\"elementor-section-wrap\">\n\t\t\t\t\t\t\t<section class=\"elementor-section elementor-top-section elementor-element elementor-element-983e4ed elementor-section-stretched elementor-section-boxed elementor-section-height-default elementor-section-height-default\" data-id=\"983e4ed\" data-element_type=\"section\" data-settings=\"{&quot;stretch_section&quot;:&quot;section-stretched&quot;}\">\n\t\t\t\t\t\t<div class=\"elementor-container elementor-column-gap-default\">\n\t\t\t\t\t\t\t<div class=\"elementor-row\">\n\t\t\t\t\t<div class=\"elementor-column elementor-col-100 elementor-top-column elementor-element elementor-element-522795e\" data-id=\"522795e\" data-element_type=\"column\">\n\t\t\t<div class=\"elementor-column-wrap elementor-element-populated\">\n\t\t\t\t\t\t\t<div class=\"elementor-widget-wrap\">\n\t\t\t\t\t\t<div class=\"elementor-element elementor-element-5658fd6 elementor-widget elementor-widget-text-editor\" data-id=\"5658fd6\" data-element_type=\"widget\" data-widget_type=\"text-editor.default\">\n\t\t\t\t<div class=\"elementor-widget-container\">\n\t\t\t\t\t\t\t\t<div class=\"elementor-text-editor elementor-clearfix\">\n\t\t\t\t\tZak\u0142ad Sprz\u0119tu Ortopedycznego i Rehabilitacyjnego Sp. z o.o. ka\u017cdego roku inwestuje w rozw\u00f3j oraz pog\u0142\u0119bianie wiedzy i umiej\u0119tno\u015bci swoich pracownik\u00f3w. Dzi\u0119ki temu, nasi technicy ortopedzi na bie\u017c\u0105co uczestnicz\u0105 w r\u00f3\u017cnego rodzaju szkoleniach, kursach i seminariach organizowanych przez firmy krajowe i zagraniczne bran\u017cy ortopedycznej. Podwy\u017cszenie swoich kwalifikacji i umiej\u0119tno\u015bci produkcji unikatowych wyrob\u00f3w medycznych na zam\u00f3wienie potwierdzaj\u0105 poni\u017cej przedstawione imienne certyfikaty i dyplomy naszych pracownik\u00f3w. S\u0105 to g\u0142\u00f3wnie technicy ortopedzi obs\u0142uguj\u0105cy pacjent\u00f3w oraz nadzoruj\u0105cy produkcj\u0119 na warsztacie.\nZach\u0119camy Pa\u0144stwa do zapoznania si\u0119 z nimi.\t\t\t\t\t<\/div>\n\t\t\t\t\t\t<\/div>\n\t\t\t\t<\/div>\n\t\t\t\t\t\t<\/div>\n\t\t\t\t\t<\/div>\n\t\t<\/div>\n\t\t\t\t\t\t\t\t<\/div>\n\t\t\t\t\t<\/div>\n\t\t<\/section>\n\t\t\t\t<section class=\"elementor-section elementor-top-section elementor-element elementor-element-dfa81cb elementor-section-stretched elementor-section-boxed elementor-section-height-default elementor-section-height-default\" data-id=\"dfa81cb\" data-element_type=\"section\" data-settings=\"{&quot;stretch_section&quot;:&quot;section-stretched&quot;}\">\n\t\t\t\t\t\t<div class=\"elementor-container elementor-column-gap-default\">\n\t\t\t\t\t\t\t<div class=\"elementor-row\">\n\t\t\t\t\t<div class=\"elementor-column elementor-col-100 elementor-top-column elementor-element elementor-element-382607c\" data-id=\"382607c\" data-element_type=\"column\">\n\t\t\t<div class=\"elementor-column-wrap elementor-element-populated\">\n\t\t\t\t\t\t\t<div class=\"elementor-widget-wrap\">\n\t\t\t\t\t\t<div class=\"elementor-element elementor-element-ad9f1a9 elementor-widget elementor-widget-premium-img-gallery\" data-id=\"ad9f1a9\" data-element_type=\"widget\" data-widget_type=\"premium-img-gallery.default\">\n\t\t\t\t<div class=\"elementor-widget-container\">\n\t\t\t\r\n\t<div id=\"premium-img-gallery-ad9f1a9\" class=\"premium-img-gallery premium-img-gallery-fitRows zoomin premium-gallery-icon-show\">\r\n\t\t\r\n\t\t<div class=\"premium-gallery-container\" data-settings=\"{&quot;img_size&quot;:&quot;fitRows&quot;,&quot;filter&quot;:&quot;&quot;,&quot;theme&quot;:&quot;pp_default&quot;,&quot;active_cat&quot;:&quot;*&quot;,&quot;ltr_mode&quot;:true,&quot;shuffle&quot;:false,&quot;sort_by&quot;:&quot;original-order&quot;,&quot;skin&quot;:&quot;default&quot;,&quot;light_box&quot;:&quot;yes&quot;,&quot;lightbox_type&quot;:&quot;default&quot;,&quot;overlay&quot;:false}\">\r\n\r\n\t\t\t\t\t\t\t<div class=\"premium-gallery-item elementor-repeater-item-328427d\">\r\n\t\t\t\t<div class=\"pa-gallery-img default\" onclick=\"\">\r\n\t\t\t\t\t<div class=\"pa-gallery-img-container\">\r\n\t\t\t\t\t\t\t\t<img width=\"2178\" height=\"1543\" src=\"https:\/\/zsoir.pl\/wp-content\/uploads\/2020\/11\/certyfikat_MA.jpg\" class=\"attachment-full size-full\" alt=\"\" loading=\"lazy\" srcset=\"https:\/\/zsoir.pl\/wp-content\/uploads\/2020\/11\/certyfikat_MA.jpg 2178w, https:\/\/zsoir.pl\/wp-content\/uploads\/2020\/11\/certyfikat_MA-300x213.jpg 300w, https:\/\/zsoir.pl\/wp-content\/uploads\/2020\/11\/certyfikat_MA-1024x725.jpg 1024w, https:\/\/zsoir.pl\/wp-content\/uploads\/2020\/11\/certyfikat_MA-768x544.jpg 768w, https:\/\/zsoir.pl\/wp-content\/uploads\/2020\/11\/certyfikat_MA-1536x1088.jpg 1536w, https:\/\/zsoir.pl\/wp-content\/uploads\/2020\/11\/certyfikat_MA-2048x1451.jpg 2048w\" sizes=\"(max-width: 2178px) 100vw, 2178px\" \/>\t\t\t\t\t\t\t<\/div>\r\n\t\t\t\t\t\t\t\t\t\t\t\t<div class=\"pa-gallery-icons-wrapper\">\r\n\t\t\t\t\t\t\t\t<div class=\"pa-gallery-icons-inner-container\">\r\n\t\t\t\t\t\t\t\t\t\r\n\t\t\t\t\t<a class=\"pa-gallery-magnific-image\" href=\"http:\/\/zsoir.pl\/wp-content\/uploads\/2020\/11\/certyfikat_MA.jpg\" data-rel=\"prettyPhoto[premium-grid-ad9f1a9]\">\r\n\t\t\t\t\t\t<span>\r\n\t\t\t\t\t\t\t<i aria-hidden=\"true\" class=\"fas fa-search\"><\/i>\t\t\t\t\t\t<\/span>\r\n\t\t\t\t\t<\/a>\r\n\t\t\t\t\t\t\t\t\t\t\t\t<\/div>\r\n\t\t\t\t\t\t\t<\/div>\r\n\t\t\t\t\t\t\t\t\t\t\t<\/div>\r\n\t\t\t<\/div>\r\n\t\t\t\t\t\t\t<div class=\"premium-gallery-item elementor-repeater-item-d65e4da\">\r\n\t\t\t\t<div class=\"pa-gallery-img default\" onclick=\"\">\r\n\t\t\t\t\t<div class=\"pa-gallery-img-container\">\r\n\t\t\t\t\t\t\t\t<img width=\"2178\" height=\"1536\" src=\"https:\/\/zsoir.pl\/wp-content\/uploads\/2020\/11\/certyfikat_KS.jpg\" class=\"attachment-full size-full\" alt=\"\" loading=\"lazy\" srcset=\"https:\/\/zsoir.pl\/wp-content\/uploads\/2020\/11\/certyfikat_KS.jpg 2178w, https:\/\/zsoir.pl\/wp-content\/uploads\/2020\/11\/certyfikat_KS-300x212.jpg 300w, https:\/\/zsoir.pl\/wp-content\/uploads\/2020\/11\/certyfikat_KS-1024x722.jpg 1024w, https:\/\/zsoir.pl\/wp-content\/uploads\/2020\/11\/certyfikat_KS-768x542.jpg 768w, https:\/\/zsoir.pl\/wp-content\/uploads\/2020\/11\/certyfikat_KS-1536x1083.jpg 1536w, https:\/\/zsoir.pl\/wp-content\/uploads\/2020\/11\/certyfikat_KS-2048x1444.jpg 2048w\" sizes=\"(max-width: 2178px) 100vw, 2178px\" \/>\t\t\t\t\t\t\t<\/div>\r\n\t\t\t\t\t\t\t\t\t\t\t\t<div class=\"pa-gallery-icons-wrapper\">\r\n\t\t\t\t\t\t\t\t<div class=\"pa-gallery-icons-inner-container\">\r\n\t\t\t\t\t\t\t\t\t\r\n\t\t\t\t\t<a class=\"pa-gallery-magnific-image\" href=\"http:\/\/zsoir.pl\/wp-content\/uploads\/2020\/11\/certyfikat_KS.jpg\" data-rel=\"prettyPhoto[premium-grid-ad9f1a9]\">\r\n\t\t\t\t\t\t<span>\r\n\t\t\t\t\t\t\t<i aria-hidden=\"true\" class=\"fas fa-search\"><\/i>\t\t\t\t\t\t<\/span>\r\n\t\t\t\t\t<\/a>\r\n\t\t\t\t\t\t\t\t\t\t\t\t<\/div>\r\n\t\t\t\t\t\t\t<\/div>\r\n\t\t\t\t\t\t\t\t\t\t\t<\/div>\r\n\t\t\t<\/div>\r\n\t\t\t\t\t\t\t<div class=\"premium-gallery-item elementor-repeater-item-7c418c1\">\r\n\t\t\t\t<div class=\"pa-gallery-img default\" onclick=\"\">\r\n\t\t\t\t\t<div class=\"pa-gallery-img-container\">\r\n\t\t\t\t\t\t\t\t<img width=\"2178\" height=\"1518\" src=\"https:\/\/zsoir.pl\/wp-content\/uploads\/2020\/11\/certyfikat_JJ.jpg\" class=\"attachment-full size-full\" alt=\"\" loading=\"lazy\" srcset=\"https:\/\/zsoir.pl\/wp-content\/uploads\/2020\/11\/certyfikat_JJ.jpg 2178w, https:\/\/zsoir.pl\/wp-content\/uploads\/2020\/11\/certyfikat_JJ-300x209.jpg 300w, https:\/\/zsoir.pl\/wp-content\/uploads\/2020\/11\/certyfikat_JJ-1024x714.jpg 1024w, https:\/\/zsoir.pl\/wp-content\/uploads\/2020\/11\/certyfikat_JJ-768x535.jpg 768w, https:\/\/zsoir.pl\/wp-content\/uploads\/2020\/11\/certyfikat_JJ-1536x1071.jpg 1536w, https:\/\/zsoir.pl\/wp-content\/uploads\/2020\/11\/certyfikat_JJ-2048x1427.jpg 2048w\" sizes=\"(max-width: 2178px) 100vw, 2178px\" \/>\t\t\t\t\t\t\t<\/div>\r\n\t\t\t\t\t\t\t\t\t\t\t\t<div class=\"pa-gallery-icons-wrapper\">\r\n\t\t\t\t\t\t\t\t<div class=\"pa-gallery-icons-inner-container\">\r\n\t\t\t\t\t\t\t\t\t\r\n\t\t\t\t\t<a class=\"pa-gallery-magnific-image\" href=\"http:\/\/zsoir.pl\/wp-content\/uploads\/2020\/11\/certyfikat_JJ.jpg\" data-rel=\"prettyPhoto[premium-grid-ad9f1a9]\">\r\n\t\t\t\t\t\t<span>\r\n\t\t\t\t\t\t\t<i aria-hidden=\"true\" class=\"fas fa-search\"><\/i>\t\t\t\t\t\t<\/span>\r\n\t\t\t\t\t<\/a>\r\n\t\t\t\t\t\t\t\t\t\t\t\t<\/div>\r\n\t\t\t\t\t\t\t<\/div>\r\n\t\t\t\t\t\t\t\t\t\t\t<\/div>\r\n\t\t\t<\/div>\r\n\t\t\t\t\t\t\t<div class=\"premium-gallery-item elementor-repeater-item-c9eb077\">\r\n\t\t\t\t<div class=\"pa-gallery-img default\" onclick=\"\">\r\n\t\t\t\t\t<div class=\"pa-gallery-img-container\">\r\n\t\t\t\t\t\t\t\t<img width=\"2178\" height=\"1588\" src=\"https:\/\/zsoir.pl\/wp-content\/uploads\/2020\/11\/certy1_ED.jpg\" class=\"attachment-full size-full\" alt=\"\" loading=\"lazy\" srcset=\"https:\/\/zsoir.pl\/wp-content\/uploads\/2020\/11\/certy1_ED.jpg 2178w, https:\/\/zsoir.pl\/wp-content\/uploads\/2020\/11\/certy1_ED-300x219.jpg 300w, https:\/\/zsoir.pl\/wp-content\/uploads\/2020\/11\/certy1_ED-1024x747.jpg 1024w, https:\/\/zsoir.pl\/wp-content\/uploads\/2020\/11\/certy1_ED-768x560.jpg 768w, https:\/\/zsoir.pl\/wp-content\/uploads\/2020\/11\/certy1_ED-1536x1120.jpg 1536w, https:\/\/zsoir.pl\/wp-content\/uploads\/2020\/11\/certy1_ED-2048x1493.jpg 2048w, https:\/\/zsoir.pl\/wp-content\/uploads\/2020\/11\/certy1_ED-370x270.jpg 370w\" sizes=\"(max-width: 2178px) 100vw, 2178px\" \/>\t\t\t\t\t\t\t<\/div>\r\n\t\t\t\t\t\t\t\t\t\t\t\t<div class=\"pa-gallery-icons-wrapper\">\r\n\t\t\t\t\t\t\t\t<div class=\"pa-gallery-icons-inner-container\">\r\n\t\t\t\t\t\t\t\t\t\r\n\t\t\t\t\t<a class=\"pa-gallery-magnific-image\" href=\"http:\/\/zsoir.pl\/wp-content\/uploads\/2020\/11\/certy1_ED.jpg\" data-rel=\"prettyPhoto[premium-grid-ad9f1a9]\">\r\n\t\t\t\t\t\t<span>\r\n\t\t\t\t\t\t\t<i aria-hidden=\"true\" class=\"fas fa-search\"><\/i>\t\t\t\t\t\t<\/span>\r\n\t\t\t\t\t<\/a>\r\n\t\t\t\t\t\t\t\t\t\t\t\t<\/div>\r\n\t\t\t\t\t\t\t<\/div>\r\n\t\t\t\t\t\t\t\t\t\t\t<\/div>\r\n\t\t\t<\/div>\r\n\t\t\t\t\t\t\t<div class=\"premium-gallery-item elementor-repeater-item-fb0661a\">\r\n\t\t\t\t<div class=\"pa-gallery-img default\" onclick=\"\">\r\n\t\t\t\t\t<div class=\"pa-gallery-img-container\">\r\n\t\t\t\t\t\t\t\t<img width=\"2178\" height=\"1589\" src=\"https:\/\/zsoir.pl\/wp-content\/uploads\/2020\/11\/certy2_RD.jpg\" class=\"attachment-full size-full\" alt=\"\" loading=\"lazy\" srcset=\"https:\/\/zsoir.pl\/wp-content\/uploads\/2020\/11\/certy2_RD.jpg 2178w, https:\/\/zsoir.pl\/wp-content\/uploads\/2020\/11\/certy2_RD-300x219.jpg 300w, https:\/\/zsoir.pl\/wp-content\/uploads\/2020\/11\/certy2_RD-1024x747.jpg 1024w, https:\/\/zsoir.pl\/wp-content\/uploads\/2020\/11\/certy2_RD-768x560.jpg 768w, https:\/\/zsoir.pl\/wp-content\/uploads\/2020\/11\/certy2_RD-1536x1121.jpg 1536w, https:\/\/zsoir.pl\/wp-content\/uploads\/2020\/11\/certy2_RD-2048x1494.jpg 2048w, https:\/\/zsoir.pl\/wp-content\/uploads\/2020\/11\/certy2_RD-370x270.jpg 370w\" sizes=\"(max-width: 2178px) 100vw, 2178px\" \/>\t\t\t\t\t\t\t<\/div>\r\n\t\t\t\t\t\t\t\t\t\t\t\t<div class=\"pa-gallery-icons-wrapper\">\r\n\t\t\t\t\t\t\t\t<div class=\"pa-gallery-icons-inner-container\">\r\n\t\t\t\t\t\t\t\t\t\r\n\t\t\t\t\t<a class=\"pa-gallery-magnific-image\" href=\"http:\/\/zsoir.pl\/wp-content\/uploads\/2020\/11\/certy2_RD.jpg\" data-rel=\"prettyPhoto[premium-grid-ad9f1a9]\">\r\n\t\t\t\t\t\t<span>\r\n\t\t\t\t\t\t\t<i aria-hidden=\"true\" class=\"fas fa-search\"><\/i>\t\t\t\t\t\t<\/span>\r\n\t\t\t\t\t<\/a>\r\n\t\t\t\t\t\t\t\t\t\t\t\t<\/div>\r\n\t\t\t\t\t\t\t<\/div>\r\n\t\t\t\t\t\t\t\t\t\t\t<\/div>\r\n\t\t\t<\/div>\r\n\t\t\t\t\t\t\t<div class=\"premium-gallery-item elementor-repeater-item-f4b114d\">\r\n\t\t\t\t<div class=\"pa-gallery-img default\" onclick=\"\">\r\n\t\t\t\t\t<div class=\"pa-gallery-img-container\">\r\n\t\t\t\t\t\t\t\t<img width=\"2178\" height=\"1584\" src=\"https:\/\/zsoir.pl\/wp-content\/uploads\/2020\/11\/certy1_RD.jpg\" class=\"attachment-full size-full\" alt=\"\" loading=\"lazy\" srcset=\"https:\/\/zsoir.pl\/wp-content\/uploads\/2020\/11\/certy1_RD.jpg 2178w, https:\/\/zsoir.pl\/wp-content\/uploads\/2020\/11\/certy1_RD-300x218.jpg 300w, https:\/\/zsoir.pl\/wp-content\/uploads\/2020\/11\/certy1_RD-1024x745.jpg 1024w, https:\/\/zsoir.pl\/wp-content\/uploads\/2020\/11\/certy1_RD-768x559.jpg 768w, https:\/\/zsoir.pl\/wp-content\/uploads\/2020\/11\/certy1_RD-1536x1117.jpg 1536w, https:\/\/zsoir.pl\/wp-content\/uploads\/2020\/11\/certy1_RD-2048x1489.jpg 2048w, https:\/\/zsoir.pl\/wp-content\/uploads\/2020\/11\/certy1_RD-370x270.jpg 370w\" sizes=\"(max-width: 2178px) 100vw, 2178px\" \/>\t\t\t\t\t\t\t<\/div>\r\n\t\t\t\t\t\t\t\t\t\t\t\t<div class=\"pa-gallery-icons-wrapper\">\r\n\t\t\t\t\t\t\t\t<div class=\"pa-gallery-icons-inner-container\">\r\n\t\t\t\t\t\t\t\t\t\r\n\t\t\t\t\t<a class=\"pa-gallery-magnific-image\" href=\"http:\/\/zsoir.pl\/wp-content\/uploads\/2020\/11\/certy1_RD.jpg\" data-rel=\"prettyPhoto[premium-grid-ad9f1a9]\">\r\n\t\t\t\t\t\t<span>\r\n\t\t\t\t\t\t\t<i aria-hidden=\"true\" class=\"fas fa-search\"><\/i>\t\t\t\t\t\t<\/span>\r\n\t\t\t\t\t<\/a>\r\n\t\t\t\t\t\t\t\t\t\t\t\t<\/div>\r\n\t\t\t\t\t\t\t<\/div>\r\n\t\t\t\t\t\t\t\t\t\t\t<\/div>\r\n\t\t\t<\/div>\r\n\t\t\t\t\t\t\t<div class=\"premium-gallery-item elementor-repeater-item-19879cc\">\r\n\t\t\t\t<div class=\"pa-gallery-img default\" onclick=\"\">\r\n\t\t\t\t\t<div class=\"pa-gallery-img-container\">\r\n\t\t\t\t\t\t\t\t<img width=\"1587\" height=\"2178\" src=\"https:\/\/zsoir.pl\/wp-content\/uploads\/2020\/11\/certy3_RD.jpg\" class=\"attachment-full size-full\" alt=\"\" loading=\"lazy\" srcset=\"https:\/\/zsoir.pl\/wp-content\/uploads\/2020\/11\/certy3_RD.jpg 1587w, https:\/\/zsoir.pl\/wp-content\/uploads\/2020\/11\/certy3_RD-219x300.jpg 219w, https:\/\/zsoir.pl\/wp-content\/uploads\/2020\/11\/certy3_RD-746x1024.jpg 746w, https:\/\/zsoir.pl\/wp-content\/uploads\/2020\/11\/certy3_RD-768x1054.jpg 768w, https:\/\/zsoir.pl\/wp-content\/uploads\/2020\/11\/certy3_RD-1119x1536.jpg 1119w, https:\/\/zsoir.pl\/wp-content\/uploads\/2020\/11\/certy3_RD-1492x2048.jpg 1492w\" sizes=\"(max-width: 1587px) 100vw, 1587px\" \/>\t\t\t\t\t\t\t<\/div>\r\n\t\t\t\t\t\t\t\t\t\t\t\t<div class=\"pa-gallery-icons-wrapper\">\r\n\t\t\t\t\t\t\t\t<div class=\"pa-gallery-icons-inner-container\">\r\n\t\t\t\t\t\t\t\t\t\r\n\t\t\t\t\t<a class=\"pa-gallery-magnific-image\" href=\"http:\/\/zsoir.pl\/wp-content\/uploads\/2020\/11\/certy3_RD.jpg\" data-rel=\"prettyPhoto[premium-grid-ad9f1a9]\">\r\n\t\t\t\t\t\t<span>\r\n\t\t\t\t\t\t\t<i aria-hidden=\"true\" class=\"fas fa-search\"><\/i>\t\t\t\t\t\t<\/span>\r\n\t\t\t\t\t<\/a>\r\n\t\t\t\t\t\t\t\t\t\t\t\t<\/div>\r\n\t\t\t\t\t\t\t<\/div>\r\n\t\t\t\t\t\t\t\t\t\t\t<\/div>\r\n\t\t\t<\/div>\r\n\t\t\t\t\t\t\t<div class=\"premium-gallery-item elementor-repeater-item-06f759e\">\r\n\t\t\t\t<div class=\"pa-gallery-img default\" onclick=\"\">\r\n\t\t\t\t\t<div class=\"pa-gallery-img-container\">\r\n\t\t\t\t\t\t\t\t<img width=\"1584\" height=\"2178\" src=\"https:\/\/zsoir.pl\/wp-content\/uploads\/2020\/11\/certy1_Adryan.jpg\" class=\"attachment-full size-full\" alt=\"\" loading=\"lazy\" srcset=\"https:\/\/zsoir.pl\/wp-content\/uploads\/2020\/11\/certy1_Adryan.jpg 1584w, https:\/\/zsoir.pl\/wp-content\/uploads\/2020\/11\/certy1_Adryan-218x300.jpg 218w, https:\/\/zsoir.pl\/wp-content\/uploads\/2020\/11\/certy1_Adryan-745x1024.jpg 745w, https:\/\/zsoir.pl\/wp-content\/uploads\/2020\/11\/certy1_Adryan-768x1056.jpg 768w, https:\/\/zsoir.pl\/wp-content\/uploads\/2020\/11\/certy1_Adryan-1117x1536.jpg 1117w, https:\/\/zsoir.pl\/wp-content\/uploads\/2020\/11\/certy1_Adryan-1489x2048.jpg 1489w\" sizes=\"(max-width: 1584px) 100vw, 1584px\" \/>\t\t\t\t\t\t\t<\/div>\r\n\t\t\t\t\t\t\t\t\t\t\t\t<div class=\"pa-gallery-icons-wrapper\">\r\n\t\t\t\t\t\t\t\t<div class=\"pa-gallery-icons-inner-container\">\r\n\t\t\t\t\t\t\t\t\t\r\n\t\t\t\t\t<a class=\"pa-gallery-magnific-image\" href=\"http:\/\/zsoir.pl\/wp-content\/uploads\/2020\/11\/certy1_Adryan.jpg\" data-rel=\"prettyPhoto[premium-grid-ad9f1a9]\">\r\n\t\t\t\t\t\t<span>\r\n\t\t\t\t\t\t\t<i aria-hidden=\"true\" class=\"fas fa-search\"><\/i>\t\t\t\t\t\t<\/span>\r\n\t\t\t\t\t<\/a>\r\n\t\t\t\t\t\t\t\t\t\t\t\t<\/div>\r\n\t\t\t\t\t\t\t<\/div>\r\n\t\t\t\t\t\t\t\t\t\t\t<\/div>\r\n\t\t\t<\/div>\r\n\t\t\t\r\n\t\t\t\t\t<\/div>\r\n\r\n\t\t\r\n\t<\/div>\r\n\r\n\t\t\r\n\t\t\r\n\t\t\t\t<\/div>\n\t\t\t\t<\/div>\n\t\t\t\t\t\t<\/div>\n\t\t\t\t\t<\/div>\n\t\t<\/div>\n\t\t\t\t\t\t\t\t<\/div>\n\t\t\t\t\t<\/div>\n\t\t<\/section>\n\t\t\t\t\t\t<\/div>\n\t\t\t\t\t\t<\/div>\n\t\t\t\t\t<\/div>","protected":false},"excerpt":{"rendered":"<p>Zak\u0142ad Sprz\u0119tu Ortopedycznego i Rehabilitacyjnego Sp. z o.o. ka\u017cdego roku inwestuje w rozw\u00f3j oraz pog\u0142\u0119bianie wiedzy i umiej\u0119tno\u015bci swoich pracownik\u00f3w. [&hellip;]<\/p>","protected":false},"author":1,"featured_media":0,"parent":0,"menu_order":0,"comment_status":"closed","ping_status":"closed","template":"","meta":[],"_links":{"self":[{"href":"https:\/\/zsoir.pl\/en\/wp-json\/wp\/v2\/pages\/174"}],"collection":[{"href":"https:\/\/zsoir.pl\/en\/wp-json\/wp\/v2\/pages"}],"about":[{"href":"https:\/\/zsoir.pl\/en\/wp-json\/wp\/v2\/types\/page"}],"author":[{"embeddable":true,"href":"https:\/\/zsoir.pl\/en\/wp-json\/wp\/v2\/users\/1"}],"replies":[{"embeddable":true,"href":"https:\/\/zsoir.pl\/en\/wp-json\/wp\/v2\/comments?post=174"}],"version-history":[{"count":16,"href":"https:\/\/zsoir.pl\/en\/wp-json\/wp\/v2\/pages\/174\/revisions"}],"predecessor-version":[{"id":643,"href":"https:\/\/zsoir.pl\/en\/wp-json\/wp\/v2\/pages\/174\/revisions\/643"}],"wp:attachment":[{"href":"https:\/\/zsoir.pl\/en\/wp-json\/wp\/v2\/media?parent=174"}],"curies":[{"name":"wp","href":"https:\/\/api.w.org\/{rel}","templated":true}]}}