{"id":311,"date":"2020-11-24T13:20:58","date_gmt":"2020-11-24T13:20:58","guid":{"rendered":"http:\/\/zsoir.pl\/?page_id=311"},"modified":"2020-11-24T13:26:03","modified_gmt":"2020-11-24T13:26:03","slug":"rodo-i-pliki-cookies","status":"publish","type":"page","link":"https:\/\/zsoir.pl\/en\/rodo-i-pliki-cookies\/","title":{"rendered":"RODO i pliki cookies"},"content":{"rendered":"<div data-elementor-type=\"wp-page\" data-elementor-id=\"311\" class=\"elementor elementor-311\" data-elementor-settings=\"[]\">\n\t\t\t\t\t\t<div class=\"elementor-inner\">\n\t\t\t\t\t\t\t<div class=\"elementor-section-wrap\">\n\t\t\t\t\t\t\t<section class=\"elementor-section elementor-top-section elementor-element elementor-element-a76d7f6 elementor-section-stretched elementor-section-boxed elementor-section-height-default elementor-section-height-default\" data-id=\"a76d7f6\" data-element_type=\"section\" data-settings=\"{&quot;stretch_section&quot;:&quot;section-stretched&quot;}\">\n\t\t\t\t\t\t<div class=\"elementor-container elementor-column-gap-default\">\n\t\t\t\t\t\t\t<div class=\"elementor-row\">\n\t\t\t\t\t<div class=\"elementor-column elementor-col-100 elementor-top-column elementor-element elementor-element-490368b\" data-id=\"490368b\" data-element_type=\"column\">\n\t\t\t<div class=\"elementor-column-wrap elementor-element-populated\">\n\t\t\t\t\t\t\t<div class=\"elementor-widget-wrap\">\n\t\t\t\t\t\t<div class=\"elementor-element elementor-element-6ce5ac4 elementor-widget elementor-widget-text-editor\" data-id=\"6ce5ac4\" data-element_type=\"widget\" data-widget_type=\"text-editor.default\">\n\t\t\t\t<div class=\"elementor-widget-container\">\n\t\t\t\t\t\t\t\t<div class=\"elementor-text-editor elementor-clearfix\">\n\t\t\t\t\tPrzetwarzanie danych osobowych \u2013 informacja dla klient\u00f3w.<\/br>\n<\/br>\nPrzetwarzanie danych osobowych Pacjent\u00f3w w Zak\u0142adzie Sprz\u0119tu Ortopedycznego i Rehabilitacyjnego Sp. z o. o. w Bydgoszczy od 28 maja 2018r.<\/br>\n<\/br>\nZgodnie z art.13 ust.1 i ust.2 og\u00f3lnego rozporz\u0105dzenia o ochronie danych osobowych z dnia 27 kwietnia 2016r., Zak\u0142ad Sprz\u0119tu Ortopedycznego i Rehabilitacyjnego Sp. z o.o. w Bydgoszczy informuje, \u017ce:<\/br>\n<\/br>\n1. Administratorem danych osobowych pacjent\u00f3w jest Zak\u0142ad Sprz\u0119tu Ortopedycznego i Rehabilitacyjnego Sp. z o. o. w Bydgoszczy, 85-047 Bydgoszcz, ul. Chrobrego 14<\/br>\n2. Kontakt z Inspektorem Ochrony Danych Zak\u0142adu Sprz\u0119tu Ortopedycznego i Rehabilitacyjnego Sp\u00f3\u0142ka z o.o. w Bydgoszczy : Andrzej Nowak, email:iodo.zsoir@gmail.com lub pod podanym podanym wcze\u015bniej adresem pocztowym.<\/br>\n3. Dane osobowe pacjent\u00f3w przetwarzane s\u0105 do cel\u00f3w :wykonywania i zaopatrywania pacjent\u00f3w w wyroby medyczne, w tym wyroby medyczne gotowe produkowane seryjnie, wypo\u017cyczanie sprz\u0119tu rehabilitacyjnego, w tym \u0142\u00f3\u017cek, dokonywania korekt, modernizacji i napraw wyrob\u00f3w medycznych, udzielania \u015bwiadcze\u0144 zdrowotnych pacjentom w przypadku zagro\u017cenia ich \u017cycia i zdrowia oraz uczestnictwa w kszta\u0142ceniu os\u00f3b wykonuj\u0105cych zawody medyczne i przygotowuj\u0105cych si\u0119 do tych zawod\u00f3w na podstawie art.9 ust 2 lit.h rozporz\u0105dzenia Parlamentu Europejskiego i Rady (UE) 2016\/679 z dnia 27 kwietnia 2016r w sprawie ochrony os\u00f3b fizycznych w zwi\u0105zku z przetwarzaniem danych osobowych i w sprawie swobodnego przep\u0142ywu takich danych oraz uchylenia dyrektywy 95\/46\/WE (og\u00f3lne rozporz\u0105dzenie o ochronie danych) oraz art.24 ust.2 z dnia 6 listopada 2008r o prawach pacjenta i Rzeczniku Praw Pacjenta ( tekst jednolity DZ.U. z 2017r, poz. 1318 ze zm.),<\/br>\n4. Odbiorcami danych osobowych s\u0105 wy\u0142\u0105cznie podmioty uprawnione do uzyskania danych osobowych na podstawie przepis\u00f3w prawa tj. osoby wykonuj\u0105ce zaw\u00f3d medyczny oraz inne osoby wykonuj\u0105ce czynno\u015bci pomocnicze przy udzielanie \u015bwiadcze\u0144 zdrowotnych, a tak\u017ce czynno\u015bci zwi\u0105zane z utrzymaniem systemu teleinformatycznego, w kt\u00f3rym przetwarzana jest dokumentacja medyczna i zapewnieniem bezpiecze\u0144stwa tego systemu,<\/br>\n5. Podanie danych osobowych przez pacjenta jest wymogiem ustawowym i jest obowi\u0105zkowe w przypadku udzielenia \u015bwiadczenia zdrowotnego w Zak\u0142adzie i jego oddzia\u0142ach terenowych.<\/br>\n6. Dane osobowe zawarte w dokumentacji medycznej przechowywane s\u0105 przez czas okre\u015blony obowi\u0105zuj\u0105cymi przepisami prawa ( art. 29 ustawy o prawach pacjenta i Rzeczniku Praw Pacjenta):<\/br>\na) W szczeg\u00f3lno\u015bci skierowania na badania lub zlecenia lekarza przechowywane s\u0105 przez okres:<\/br>\n&#8211; 5 lat, licz\u0105c od ko\u0144ca roku kalendarzowego, w kt\u00f3rym udzielono \u015bwiadczenia zdrowotnego b\u0119d\u0105cego przedmiotem skierowania lub zlecenia lekarza,<\/br>\n&#8211; 2 lat, licz\u0105c od ko\u0144ca roku kalendarzowego, w kt\u00f3rym wystawiono skierowanie \u2013 w przypadku gdy \u015bwiadczenie zdrowotne nie zosta\u0142o udzielone z powodu niezg\u0142oszenia si\u0119 pacjenta w ustalonym terminie, chyba \u017ce pacjent odebra\u0142 skierowanie,<\/br>\n7. dane osobowe zawarte w dokumentacji innej ni\u017c medyczna ( np. rozliczeniowej) \u2013 przez okres\nnie d\u0142u\u017cszy, ni\u017c jest to niezb\u0119dne do cel\u00f3w, w kt\u00f3rych dane s\u0105 przetwarzane,<\/br>\n8. Osoba, kt\u00f3rej dane osobowe przetwarzane s\u0105 przez Zak\u0142ad Sprz\u0119tu Ortopedycznego i Rehabilitacyjnego Sp. z o.o. w Bydgoszczy ma prawo do:<\/br>\na) \u017b\u0105dania od administratora dost\u0119pu do danych osobowych, ich sprostowania lub ograniczenia przetwarzania,<\/br>\nb) Wniesienia skargi do Prezesa Urz\u0119du Ochrony Danych Osobowych;\nPowy\u017csza informacja dotyczy r\u00f3wnie\u017c oddzia\u0142\u00f3w terenowych Zak\u0142adu:<\/br>\n&#8211; Oddzia\u0142 Toru\u0144, ul. Rakowicza 4<\/br>\n&#8211; Oddzia\u0142 W\u0142oc\u0142awek, ul. Kili\u0144skiego 7<\/br>\n<\/br>\nBydgoszcz, 25 maja 2018r.\t\t\t\t\t<\/div>\n\t\t\t\t\t\t<\/div>\n\t\t\t\t<\/div>\n\t\t\t\t\t\t<\/div>\n\t\t\t\t\t<\/div>\n\t\t<\/div>\n\t\t\t\t\t\t\t\t<\/div>\n\t\t\t\t\t<\/div>\n\t\t<\/section>\n\t\t\t\t\t\t<\/div>\n\t\t\t\t\t\t<\/div>\n\t\t\t\t\t<\/div>","protected":false},"excerpt":{"rendered":"<p>Przetwarzanie danych osobowych \u2013 informacja dla klient\u00f3w. Przetwarzanie danych osobowych Pacjent\u00f3w w Zak\u0142adzie Sprz\u0119tu Ortopedycznego i Rehabilitacyjnego Sp. z o. [&hellip;]<\/p>","protected":false},"author":1,"featured_media":0,"parent":0,"menu_order":0,"comment_status":"closed","ping_status":"closed","template":"","meta":[],"_links":{"self":[{"href":"https:\/\/zsoir.pl\/en\/wp-json\/wp\/v2\/pages\/311"}],"collection":[{"href":"https:\/\/zsoir.pl\/en\/wp-json\/wp\/v2\/pages"}],"about":[{"href":"https:\/\/zsoir.pl\/en\/wp-json\/wp\/v2\/types\/page"}],"author":[{"embeddable":true,"href":"https:\/\/zsoir.pl\/en\/wp-json\/wp\/v2\/users\/1"}],"replies":[{"embeddable":true,"href":"https:\/\/zsoir.pl\/en\/wp-json\/wp\/v2\/comments?post=311"}],"version-history":[{"count":10,"href":"https:\/\/zsoir.pl\/en\/wp-json\/wp\/v2\/pages\/311\/revisions"}],"predecessor-version":[{"id":321,"href":"https:\/\/zsoir.pl\/en\/wp-json\/wp\/v2\/pages\/311\/revisions\/321"}],"wp:attachment":[{"href":"https:\/\/zsoir.pl\/en\/wp-json\/wp\/v2\/media?parent=311"}],"curies":[{"name":"wp","href":"https:\/\/api.w.org\/{rel}","templated":true}]}}