{"id":324,"date":"2020-11-24T14:54:40","date_gmt":"2020-11-24T14:54:40","guid":{"rendered":"http:\/\/zsoir.pl\/?page_id=324"},"modified":"2020-11-30T09:36:04","modified_gmt":"2020-11-30T09:36:04","slug":"serwis","status":"publish","type":"page","link":"https:\/\/zsoir.pl\/en\/serwis\/","title":{"rendered":"Serwis"},"content":{"rendered":"<div data-elementor-type=\"wp-page\" data-elementor-id=\"324\" class=\"elementor elementor-324\" data-elementor-settings=\"[]\">\n\t\t\t\t\t\t<div class=\"elementor-inner\">\n\t\t\t\t\t\t\t<div class=\"elementor-section-wrap\">\n\t\t\t\t\t\t\t<section class=\"elementor-section elementor-top-section elementor-element elementor-element-83494a2 elementor-section-stretched elementor-section-boxed elementor-section-height-default elementor-section-height-default\" data-id=\"83494a2\" data-element_type=\"section\" data-settings=\"{&quot;stretch_section&quot;:&quot;section-stretched&quot;}\">\n\t\t\t\t\t\t<div class=\"elementor-container elementor-column-gap-default\">\n\t\t\t\t\t\t\t<div class=\"elementor-row\">\n\t\t\t\t\t<div class=\"elementor-column elementor-col-100 elementor-top-column elementor-element elementor-element-cb9be9e\" data-id=\"cb9be9e\" data-element_type=\"column\">\n\t\t\t<div class=\"elementor-column-wrap elementor-element-populated\">\n\t\t\t\t\t\t\t<div class=\"elementor-widget-wrap\">\n\t\t\t\t\t\t<div class=\"elementor-element elementor-element-21a9ab1 elementor-widget elementor-widget-text-editor\" data-id=\"21a9ab1\" data-element_type=\"widget\" data-widget_type=\"text-editor.default\">\n\t\t\t\t<div class=\"elementor-widget-container\">\n\t\t\t\t\t\t\t\t<div class=\"elementor-text-editor elementor-clearfix\">\n\t\t\t\t\tW ramach us\u0142ug serwisowych oferujemy naprawy gwarancyjne i pogwarancyjne w szczeg\u00f3lno\u015bci w zakresie:\t\t\t\t\t<\/div>\n\t\t\t\t\t\t<\/div>\n\t\t\t\t<\/div>\n\t\t\t\t<div class=\"elementor-element elementor-element-d45c78f elementor-icon-list--layout-traditional elementor-list-item-link-full_width elementor-widget elementor-widget-icon-list\" data-id=\"d45c78f\" data-element_type=\"widget\" data-widget_type=\"icon-list.default\">\n\t\t\t\t<div class=\"elementor-widget-container\">\n\t\t\t\t\t<ul class=\"elementor-icon-list-items\">\n\t\t\t\t\t\t\t<li class=\"elementor-icon-list-item\">\n\t\t\t\t\t\t\t\t\t\t\t<span class=\"elementor-icon-list-icon\">\n\t\t\t\t\t\t\t<i aria-hidden=\"true\" class=\"fas fa-ellipsis-v\"><\/i>\t\t\t\t\t\t<\/span>\n\t\t\t\t\t\t\t\t\t\t<span class=\"elementor-icon-list-text\">naprawy produkowanego przez nas indywidualnego sprz\u0119tu ortopedycznego i rehabilitacyjnego;<\/span>\n\t\t\t\t\t\t\t\t\t<\/li>\n\t\t\t\t\t\t\t\t<li class=\"elementor-icon-list-item\">\n\t\t\t\t\t\t\t\t\t\t\t<span class=\"elementor-icon-list-icon\">\n\t\t\t\t\t\t\t<i aria-hidden=\"true\" class=\"fas fa-ellipsis-v\"><\/i>\t\t\t\t\t\t<\/span>\n\t\t\t\t\t\t\t\t\t\t<span class=\"elementor-icon-list-text\">naprawy sprzedawanego i wydawanego na zlecenie sprz\u0119tu pochodz\u0105cego z seryjnej produkcji;<\/span>\n\t\t\t\t\t\t\t\t\t<\/li>\n\t\t\t\t\t\t\t\t<li class=\"elementor-icon-list-item\">\n\t\t\t\t\t\t\t\t\t\t\t<span class=\"elementor-icon-list-icon\">\n\t\t\t\t\t\t\t<i aria-hidden=\"true\" class=\"fas fa-ellipsis-v\"><\/i>\t\t\t\t\t\t<\/span>\n\t\t\t\t\t\t\t\t\t\t<span class=\"elementor-icon-list-text\">naprawa w\u00f3zk\u00f3w inwalidzkich;<\/span>\n\t\t\t\t\t\t\t\t\t<\/li>\n\t\t\t\t\t\t\t\t<li class=\"elementor-icon-list-item\">\n\t\t\t\t\t\t\t\t\t\t\t<span class=\"elementor-icon-list-icon\">\n\t\t\t\t\t\t\t<i aria-hidden=\"true\" class=\"fas fa-ellipsis-v\"><\/i>\t\t\t\t\t\t<\/span>\n\t\t\t\t\t\t\t\t\t\t<span class=\"elementor-icon-list-text\">diagnostyka i przegl\u0105dy sprz\u0119tu.<\/span>\n\t\t\t\t\t\t\t\t\t<\/li>\n\t\t\t\t\t\t<\/ul>\n\t\t\t\t<\/div>\n\t\t\t\t<\/div>\n\t\t\t\t\t\t<\/div>\n\t\t\t\t\t<\/div>\n\t\t<\/div>\n\t\t\t\t\t\t\t\t<\/div>\n\t\t\t\t\t<\/div>\n\t\t<\/section>\n\t\t\t\t\t\t<\/div>\n\t\t\t\t\t\t<\/div>\n\t\t\t\t\t<\/div>","protected":false},"excerpt":{"rendered":"<p>W ramach us\u0142ug serwisowych oferujemy naprawy gwarancyjne i pogwarancyjne w szczeg\u00f3lno\u015bci w zakresie: naprawy produkowanego przez nas indywidualnego sprz\u0119tu ortopedycznego [&hellip;]<\/p>","protected":false},"author":1,"featured_media":0,"parent":0,"menu_order":0,"comment_status":"closed","ping_status":"closed","template":"","meta":[],"_links":{"self":[{"href":"https:\/\/zsoir.pl\/en\/wp-json\/wp\/v2\/pages\/324"}],"collection":[{"href":"https:\/\/zsoir.pl\/en\/wp-json\/wp\/v2\/pages"}],"about":[{"href":"https:\/\/zsoir.pl\/en\/wp-json\/wp\/v2\/types\/page"}],"author":[{"embeddable":true,"href":"https:\/\/zsoir.pl\/en\/wp-json\/wp\/v2\/users\/1"}],"replies":[{"embeddable":true,"href":"https:\/\/zsoir.pl\/en\/wp-json\/wp\/v2\/comments?post=324"}],"version-history":[{"count":4,"href":"https:\/\/zsoir.pl\/en\/wp-json\/wp\/v2\/pages\/324\/revisions"}],"predecessor-version":[{"id":421,"href":"https:\/\/zsoir.pl\/en\/wp-json\/wp\/v2\/pages\/324\/revisions\/421"}],"wp:attachment":[{"href":"https:\/\/zsoir.pl\/en\/wp-json\/wp\/v2\/media?parent=324"}],"curies":[{"name":"wp","href":"https:\/\/api.w.org\/{rel}","templated":true}]}}